{"id":637,"date":"2021-06-27T17:42:14","date_gmt":"2021-06-27T15:42:14","guid":{"rendered":"https:\/\/www.hudklinikkenhelsingoer.dk\/?page_id=637"},"modified":"2024-08-24T09:31:48","modified_gmt":"2024-08-24T07:31:48","slug":"637-2","status":"publish","type":"page","link":"https:\/\/www.hudklinikkenhelsingoer.dk\/?page_id=637","title":{"rendered":"Patientinformation"},"content":{"rendered":"\n<p>Hvis du vil l\u00e6se om adgangsforhold i klinikken kan det g\u00f8res hos God Adgang:\u00a0<br><a rel=\"noreferrer noopener\" href=\"https:\/\/godadgang.dk\/faktaark\/hudklinikken-i-helsingoer-17492\" target=\"_blank\">Adgangsforhold<\/a><\/p>\n\n\n\n<p>Hvis du vil l\u00e6se om hvordan vi behandler dine personlige oplysninger:\u00a0<br><a rel=\"noreferrer noopener\" href=\"https:\/\/www.hudklinikkenhelsingoer.dk\/wp-content\/uploads\/2021\/07\/Privatlivspolitik.pdf\" target=\"_blank\">Privatlivspolitik<\/a><\/p>\n\n\n\n<p>Patientforeninger<br><a href=\"http:\/\/www.videncenterforallergi.dk\/\" target=\"_blank\" rel=\"noreferrer noopener\">www.videncenterforallergi.dk<\/a><br><a href=\"http:\/\/www.psoriasis.dk\/\" target=\"_blank\" rel=\"noreferrer noopener\">www.psoriasis.dk<\/a><br><a href=\"http:\/\/www.astma-allergi.dk\/\" target=\"_blank\" rel=\"noreferrer noopener\">www.astma-allergi.dk<\/a><br><a href=\"http:\/\/www.atopiskeksemforening.dk\/\" target=\"_blank\" rel=\"noreferrer noopener\">www.atopiskeksemforening.dk<\/a><\/p>\n\n\n\n<p>Dermatologi &#8211; l\u00e6ren om hudsygdomme<br><a href=\"http:\/\/www.dermnetnz.org\/\" target=\"_blank\" rel=\"noreferrer noopener\">www.dermnetnz.org<\/a><br><a href=\"http:\/\/www.dermnet.com\/\" target=\"_blank\" rel=\"noreferrer noopener\">www.dermnet.com<\/a><\/p>\n\n\n\n<p>Patientklager<br><a rel=\"noreferrer noopener\" href=\"http:\/\/www.patientforsikringen.dk\/\" target=\"_blank\">www.patientforsikringen.dk<\/a><br><a href=\"https:\/\/stpk.dk\/borgere\/klag-over-en-behandling\/\" target=\"_blank\" rel=\"noreferrer noopener\">Styrelsen for Patientklager<\/a><br><a rel=\"noreferrer noopener\" href=\"https:\/\/stps.dk\/da\/borgere\/rapporter-en-utilsigtet-haendelse\/\" target=\"_blank\">Rapport\u00e9r en utilsigtet h\u00e6ndelse som patient eller p\u00e5r\u00f8rende<\/a><\/p>\n\n\n\n<p>Dansk dermatologisk selskab<br><a href=\"http:\/\/www.dds.nu\/\" target=\"_blank\" rel=\"noreferrer noopener\">www.dds.nu<\/a><\/p>\n\n\n\n<p>Ved ferielukning, kan der s\u00f8ges efter andre dermatologer\/hudl\u00e6ger p\u00e5 flg. hjemmeside<br><a rel=\"noreferrer noopener\" href=\"http:\/\/www.sundhed.dk\/\" target=\"_blank\">www.sundhed.dk<\/a><\/p>\n\n\n\n<p><\/p>\n","protected":false},"excerpt":{"rendered":"<p>Hvis du vil l\u00e6se om adgangsforhold i klinikken kan det g\u00f8res hos God Adgang:\u00a0Adgangsforhold Hvis du vil l\u00e6se om hvordan vi behandler dine personlige oplysninger:\u00a0Privatlivspolitik Patientforeningerwww.videncenterforallergi.dkwww.psoriasis.dkwww.astma-allergi.dkwww.atopiskeksemforening.dk Dermatologi &#8211; l\u00e6ren om hudsygdommewww.dermnetnz.orgwww.dermnet.com Patientklagerwww.patientforsikringen.dkStyrelsen for PatientklagerRapport\u00e9r en utilsigtet h\u00e6ndelse som patient eller p\u00e5r\u00f8rende Dansk dermatologisk selskabwww.dds.nu Ved ferielukning, kan der s\u00f8ges efter andre dermatologer\/hudl\u00e6ger p\u00e5 flg. hjemmesidewww.sundhed.dk<\/p>\n","protected":false},"author":1,"featured_media":0,"parent":0,"menu_order":0,"comment_status":"closed","ping_status":"closed","template":"","meta":[],"_links":{"self":[{"href":"https:\/\/www.hudklinikkenhelsingoer.dk\/index.php?rest_route=\/wp\/v2\/pages\/637"}],"collection":[{"href":"https:\/\/www.hudklinikkenhelsingoer.dk\/index.php?rest_route=\/wp\/v2\/pages"}],"about":[{"href":"https:\/\/www.hudklinikkenhelsingoer.dk\/index.php?rest_route=\/wp\/v2\/types\/page"}],"author":[{"embeddable":true,"href":"https:\/\/www.hudklinikkenhelsingoer.dk\/index.php?rest_route=\/wp\/v2\/users\/1"}],"replies":[{"embeddable":true,"href":"https:\/\/www.hudklinikkenhelsingoer.dk\/index.php?rest_route=%2Fwp%2Fv2%2Fcomments&post=637"}],"version-history":[{"count":9,"href":"https:\/\/www.hudklinikkenhelsingoer.dk\/index.php?rest_route=\/wp\/v2\/pages\/637\/revisions"}],"predecessor-version":[{"id":1234,"href":"https:\/\/www.hudklinikkenhelsingoer.dk\/index.php?rest_route=\/wp\/v2\/pages\/637\/revisions\/1234"}],"wp:attachment":[{"href":"https:\/\/www.hudklinikkenhelsingoer.dk\/index.php?rest_route=%2Fwp%2Fv2%2Fmedia&parent=637"}],"curies":[{"name":"wp","href":"https:\/\/api.w.org\/{rel}","templated":true}]}}